{"id":1232,"date":"2020-01-28T17:28:47","date_gmt":"2020-01-28T16:28:47","guid":{"rendered":"http:\/\/schweisstechnik.burkhard.coalo.dev\/contact\/"},"modified":"2020-02-04T13:07:21","modified_gmt":"2020-02-04T12:07:21","slug":"contact","status":"publish","type":"page","link":"https:\/\/schweisstechnik.burkhard-group.com\/fr\/contact\/","title":{"rendered":"Contact"},"content":{"rendered":"<div class=\"wpb-content-wrapper\"><p>[vc_row css=\u00a0\u00bb.vc_custom_1569485889499{margin-top: 50px !important;padding-top: 60px !important;}\u00a0\u00bb][vc_column width=\u00a0\u00bb1\/2&Prime;][vc_column_text]<\/p>\n<h2>Envoyez-nous un message<\/h2>\n<p>[\/vc_column_text][vc_column_text]<\/p>\n<div class=\"wpb_text_column wpb_content_element \">\n<div class=\"wpb_wrapper\">\n<p>Nous serons heureux de vous conseiller personnellement pour toutes questions concernant nos produits et services. Laissez-nous votre message dans le formulaire ci-contre.<\/p>\n<p>Nous vous r\u00e9pondrons dans les plus brefs d\u00e9lais.<\/p>\n<\/div>\n<\/div>\n<p>[\/vc_column_text]\n<div class=\"wpcf7 no-js\" id=\"wpcf7-f1281-o1\" lang=\"de-DE\" dir=\"ltr\" data-wpcf7-id=\"1281\">\n<div class=\"screen-reader-response\"><p role=\"status\" aria-live=\"polite\" aria-atomic=\"true\"><\/p> <ul><\/ul><\/div>\n<form action=\"\/fr\/wp-json\/wp\/v2\/pages\/1232#wpcf7-f1281-o1\" method=\"post\" class=\"wpcf7-form init\" aria-label=\"Kontaktformular\" novalidate=\"novalidate\" data-status=\"init\">\n<fieldset class=\"hidden-fields-container\"><input type=\"hidden\" name=\"_wpcf7\" value=\"1281\" \/><input type=\"hidden\" name=\"_wpcf7_version\" value=\"6.1.4\" \/><input type=\"hidden\" name=\"_wpcf7_locale\" value=\"de_DE\" \/><input type=\"hidden\" name=\"_wpcf7_unit_tag\" value=\"wpcf7-f1281-o1\" \/><input type=\"hidden\" name=\"_wpcf7_container_post\" value=\"0\" \/><input type=\"hidden\" name=\"_wpcf7_posted_data_hash\" value=\"\" \/><input type=\"hidden\" name=\"_wpcf7dtx_version\" value=\"5.0.4\" \/>\n<\/fieldset>\n<div class=\"row\">\n\t<div class=\"col-lg-12\">\n\t\t<p><label>Votre pr\u00e9nom*<br \/>\n<span class=\"wpcf7-form-control-wrap\" data-name=\"Vorname\"><input size=\"40\" maxlength=\"400\" class=\"wpcf7-form-control wpcf7-text wpcf7-validates-as-required\" aria-required=\"true\" aria-invalid=\"false\" placeholder=\"Votre pr\u00e9nom\" value=\"\" type=\"text\" name=\"Vorname\" \/><\/span><\/label>\n\t\t<\/p>\n\t<\/div>\n<\/div>\n<div class=\"row\">\n\t<div class=\"col-lg-12\">\n\t\t<p><label>Votre nom de famille*<br \/>\n<span class=\"wpcf7-form-control-wrap\" data-name=\"Nachname\"><input size=\"40\" maxlength=\"400\" class=\"wpcf7-form-control wpcf7-text wpcf7-validates-as-required\" aria-required=\"true\" aria-invalid=\"false\" placeholder=\"Votre nom de famille\" value=\"\" type=\"text\" name=\"Nachname\" \/><\/span><\/label>\n\t\t<\/p>\n\t<\/div>\n<\/div>\n<div class=\"row\">\n\t<div class=\"col-lg-12\">\n\t\t<p><label>Votre num\u00e9ro de t\u00e9l\u00e9phone*<br \/>\n<span class=\"wpcf7-form-control-wrap\" data-name=\"Telefonnummer\"><input size=\"40\" maxlength=\"400\" class=\"wpcf7-form-control wpcf7-tel wpcf7-validates-as-required wpcf7-text wpcf7-validates-as-tel\" aria-required=\"true\" aria-invalid=\"false\" placeholder=\"+49 1234 5678910\" value=\"\" type=\"tel\" name=\"Telefonnummer\" \/><\/span><\/label>\n\t\t<\/p>\n\t<\/div>\n<\/div>\n<div class=\"row\">\n\t<div class=\"col-lg-12\">\n\t\t<p><label>E-Mail*<br \/>\n<span class=\"wpcf7-form-control-wrap\" data-name=\"Email-Adresse\"><input size=\"40\" maxlength=\"400\" class=\"wpcf7-form-control wpcf7-email wpcf7-validates-as-required wpcf7-text wpcf7-validates-as-email\" aria-required=\"true\" aria-invalid=\"false\" placeholder=\"Votre adresse e-mail\" value=\"\" type=\"email\" name=\"Email-Adresse\" \/><\/span><\/label>\n\t\t<\/p>\n\t<\/div>\n<\/div>\n<div class=\"row\">\n\t<div class=\"col-lg-12\">\n\t\t<p><label>Message<br \/>\n<span class=\"wpcf7-form-control-wrap\" data-name=\"nachricht\"><textarea cols=\"40\" rows=\"10\" maxlength=\"2000\" class=\"wpcf7-form-control wpcf7-textarea wpcf7-validates-as-required\" aria-required=\"true\" aria-invalid=\"false\" name=\"nachricht\"><\/textarea><\/span> <\/label>\n\t\t<\/p>\n\t<\/div>\n<\/div>\n<p><span class=\"wpcf7-form-control-wrap\" data-name=\"acceptance-627\"><span class=\"wpcf7-form-control wpcf7-acceptance\"><span class=\"wpcf7-list-item\"><label><input type=\"checkbox\" name=\"acceptance-627\" value=\"1\" aria-invalid=\"false\" \/><span class=\"wpcf7-list-item-label\">J'ai lu la <a href=\"\/protection-des-donnees\/?lang=fr\" target=\"_blank\">politique de confidentialit\u00e9<\/a> et je l'accepte.<\/span><\/label><\/span><\/span><\/span>\n<\/p>\n<div class=\"row\">\n\t<div class=\"col-lg-4\">\n\t\t<p><input class=\"wpcf7-form-control wpcf7-submit has-spinner fdi-grey-button\" type=\"submit\" value=\"Soumettre\" \/>\n\t\t<\/p>\n\t<\/div>\n<\/div><div class=\"wpcf7-response-output\" aria-hidden=\"true\"><\/div>\n<\/form>\n<\/div>\n[\/vc_column][vc_column width=\u00a0\u00bb1\/2&Prime;][vc_column_text]<\/p>\n<h2>Informations de contact<\/h2>\n<p>[\/vc_column_text][vc_gmaps link=\u00a0\u00bb#E-8_JTNDaWZyYW1lJTIwc3JjJTNEJTIyaHR0cHMlM0ElMkYlMkZ3d3cuZ29vZ2xlLmNvbSUyRm1hcHMlMkZlbWJlZCUzRnBiJTNEJTIxMW0xOCUyMTFtMTIlMjExbTMlMjExZDI2NzUuMTk3NjczMjM2NTc0MiUyMTJkMTAuNjU1NTY0NCUyMTNkNDcuODkzODU5MTk5OTk5OTk0JTIxMm0zJTIxMWYwJTIxMmYwJTIxM2YwJTIxM20yJTIxMWkxMDI0JTIxMmk3NjglMjE0ZjEzLjElMjEzbTMlMjExbTIlMjExczB4NDc5YzZiMzA3YzA0OWM0ZCUyNTNBMHhhYzg5YWQ1NTdlYTg2OWM1JTIxMnNTY2h3ZWklMjVDMyUyNTlGdGVjaG5payUyNTIwQnVya2hhcmQlMjUyMEdtYkglMjE1ZTAlMjEzbTIlMjExc2RlJTIxMnNkZSUyMTR2MTU2OTQ4MjYzNDQ1MSUyMTVtMiUyMTFzZGUlMjEyc2RlJTIyJTIwd2lkdGglM0QlMjI2MDAlMjIlMjBoZWlnaHQlM0QlMjI0NTAlMjIlMjBmcmFtZWJvcmRlciUzRCUyMjAlMjIlMjBzdHlsZSUzRCUyMmJvcmRlciUzQTAlM0IlMjIlMjBhbGxvd2Z1bGxzY3JlZW4lM0QlMjIlMjIlM0UlM0MlMkZpZnJhbWUlM0U=\u00a0\u00bb][vc_row_inner][vc_column_inner width=\u00a0\u00bb1\/2&Prime;]<div class=\"aio-icon-component    style_1\"><div id=\"Info-box-wrap-1653\" class=\"aio-icon-box left-icon\" style=\"\"  ><div class=\"aio-icon-left\"><div class=\"ult-just-icon-wrapper  \"><div class=\"align-icon\" style=\"text-align:center;\">\n<div class=\"aio-icon none \"  style=\"color:#333;font-size:32px;display:inline-block;\">\n\t<i class=\"fas fa-city\"><\/i>\n<\/div><\/div><\/div><\/div><div class=\"aio-ibd-block\"><div class=\"aio-icon-description ult-responsive\"  data-ultimate-target='#Info-box-wrap-1653 .aio-icon-description'  data-responsive-json-new='{\"font-size\":\"\",\"line-height\":\"\"}'  style=\"\">Julius-Probst-Stra\u00dfe 7<br \/>\nD-87600 Kaufbeuren<\/p>\n<div id=\"ritekit-alerts\"><\/div>\n<p><\/div> <!-- description --><\/div> <!-- aio-ibd-block --><\/div> <!-- aio-icon-box --><\/div> <!-- aio-icon-component -->[\/vc_column_inner][vc_column_inner width=\u00a0\u00bb1\/2&Prime;]<div class=\"aio-icon-component    style_1\"><div id=\"Info-box-wrap-3959\" class=\"aio-icon-box left-icon\" style=\"\"  ><div class=\"aio-icon-left\"><div class=\"ult-just-icon-wrapper  \"><div class=\"align-icon\" style=\"text-align:center;\">\n<div class=\"aio-icon none \"  style=\"color:#333;font-size:32px;display:inline-block;\">\n\t<i class=\"icomoon-the7-font-the7-phone-05\"><\/i>\n<\/div><\/div><\/div><\/div><div class=\"aio-ibd-block\"><div class=\"aio-icon-description ult-responsive\"  data-ultimate-target='#Info-box-wrap-3959 .aio-icon-description'  data-responsive-json-new='{\"font-size\":\"\",\"line-height\":\"\"}'  style=\"\">T\u00e9l. : +49 (0)8341 908489-0<\/div> <!-- description --><\/div> <!-- aio-ibd-block --><\/div> <!-- aio-icon-box --><\/div> <!-- aio-icon-component -->[\/vc_column_inner][\/vc_row_inner]<div class=\"aio-icon-component    style_1\"><div id=\"Info-box-wrap-1938\" class=\"aio-icon-box left-icon\" style=\"\"  ><div class=\"aio-icon-left\"><div class=\"ult-just-icon-wrapper  \"><div class=\"align-icon\" style=\"text-align:center;\">\n<div class=\"aio-icon none \"  style=\"color:#333;font-size:32px;display:inline-block;\">\n\t<i class=\"fas fa-pen\"><\/i>\n<\/div><\/div><\/div><\/div><div class=\"aio-ibd-block\"><div class=\"aio-icon-description ult-responsive\"  data-ultimate-target='#Info-box-wrap-1938 .aio-icon-description'  data-responsive-json-new='{\"font-size\":\"\",\"line-height\":\"\"}'  style=\"\"><a href=\"mailto:schweisstechnik@burkhard-group.com\">schweisstechnik@burkhard-group.com<\/a><\/div> <!-- description --><\/div> <!-- aio-ibd-block --><\/div> <!-- aio-icon-box --><\/div> <!-- aio-icon-component -->[\/vc_column][\/vc_row][vc_row][vc_column]<div class=\"ult-spacer spacer-69d9aa32ba2b3\" data-id=\"69d9aa32ba2b3\" data-height=\"25\" data-height-mobile=\"25\" data-height-tab=\"25\" data-height-tab-portrait=\"\" data-height-mobile-landscape=\"\" style=\"clear:both;display:block;\"><\/div>[\/vc_column][\/vc_row]<\/p>\n<\/div>","protected":false},"excerpt":{"rendered":"<p>[vc_row css=\u00a0\u00bb.vc_custom_1569485889499{margin-top: 50px !important;padding-top: 60px !important;}\u00a0\u00bb][vc_column width=\u00a0\u00bb1\/2&Prime;][vc_column_text] Envoyez-nous un message [\/vc_column_text][vc_column_text] Nous serons heureux de vous conseiller personnellement pour toutes questions concernant nos produits et services. Laissez-nous votre message dans le formulaire ci-contre. Nous vous r\u00e9pondrons dans les plus brefs d\u00e9lais. [\/vc_column_text][\/vc_column][vc_column width=\u00a0\u00bb1\/2&Prime;][vc_column_text] Informations de contact [\/vc_column_text][vc_gmaps link=\u00a0\u00bb#E-8_JTNDaWZyYW1lJTIwc3JjJTNEJTIyaHR0cHMlM0ElMkYlMkZ3d3cuZ29vZ2xlLmNvbSUyRm1hcHMlMkZlbWJlZCUzRnBiJTNEJTIxMW0xOCUyMTFtMTIlMjExbTMlMjExZDI2NzUuMTk3NjczMjM2NTc0MiUyMTJkMTAuNjU1NTY0NCUyMTNkNDcuODkzODU5MTk5OTk5OTk0JTIxMm0zJTIxMWYwJTIxMmYwJTIxM2YwJTIxM20yJTIxMWkxMDI0JTIxMmk3NjglMjE0ZjEzLjElMjEzbTMlMjExbTIlMjExczB4NDc5YzZiMzA3YzA0OWM0ZCUyNTNBMHhhYzg5YWQ1NTdlYTg2OWM1JTIxMnNTY2h3ZWklMjVDMyUyNTlGdGVjaG5payUyNTIwQnVya2hhcmQlMjUyMEdtYkglMjE1ZTAlMjEzbTIlMjExc2RlJTIxMnNkZSUyMTR2MTU2OTQ4MjYzNDQ1MSUyMTVtMiUyMTFzZGUlMjEyc2RlJTIyJTIwd2lkdGglM0QlMjI2MDAlMjIlMjBoZWlnaHQlM0QlMjI0NTAlMjIlMjBmcmFtZWJvcmRlciUzRCUyMjAlMjIlMjBzdHlsZSUzRCUyMmJvcmRlciUzQTAlM0IlMjIlMjBhbGxvd2Z1bGxzY3JlZW4lM0QlMjIlMjIlM0UlM0MlMkZpZnJhbWUlM0U=\u00a0\u00bb][vc_row_inner][vc_column_inner width=\u00a0\u00bb1\/2&Prime;][\/vc_column_inner][vc_column_inner width=\u00a0\u00bb1\/2&Prime;][\/vc_column_inner][\/vc_row_inner][\/vc_column][\/vc_row][vc_row][vc_column][\/vc_column][\/vc_row]<\/p>\n","protected":false},"author":1,"featured_media":0,"parent":0,"menu_order":0,"comment_status":"closed","ping_status":"open","template":"","meta":{"_lmt_disableupdate":"no","_lmt_disable":"","footnotes":""},"class_list":["post-1232","page","type-page","status-publish","hentry","description-off"],"yoast_head":"<!-- This site is optimized with the Yoast SEO plugin v26.8 - https:\/\/yoast.com\/product\/yoast-seo-wordpress\/ -->\n<title>Contact - Schwei\u00dftechnik<\/title>\n<meta name=\"robots\" content=\"index, follow, max-snippet:-1, max-image-preview:large, max-video-preview:-1\" \/>\n<link rel=\"canonical\" href=\"https:\/\/schweisstechnik.burkhard-group.com\/fr\/contact\/\" \/>\n<meta property=\"og:locale\" content=\"fr_FR\" \/>\n<meta property=\"og:type\" content=\"article\" \/>\n<meta property=\"og:title\" content=\"Contact - Schwei\u00dftechnik\" \/>\n<meta property=\"og:description\" content=\"[vc_row css=\u00a0\u00bb.vc_custom_1569485889499{margin-top: 50px !important;padding-top: 60px !important;}\u00a0\u00bb][vc_column width=\u00a0\u00bb1\/2&Prime;][vc_column_text] Envoyez-nous un message [\/vc_column_text][vc_column_text] Nous serons heureux de vous conseiller personnellement pour toutes questions concernant nos produits et services. Laissez-nous votre message dans le formulaire ci-contre. Nous vous r\u00e9pondrons dans les plus brefs d\u00e9lais. [\/vc_column_text][\/vc_column][vc_column width=\u00a0\u00bb1\/2&Prime;][vc_column_text] Informations de contact [\/vc_column_text][vc_gmaps link=\u00a0\u00bb#E-8_JTNDaWZyYW1lJTIwc3JjJTNEJTIyaHR0cHMlM0ElMkYlMkZ3d3cuZ29vZ2xlLmNvbSUyRm1hcHMlMkZlbWJlZCUzRnBiJTNEJTIxMW0xOCUyMTFtMTIlMjExbTMlMjExZDI2NzUuMTk3NjczMjM2NTc0MiUyMTJkMTAuNjU1NTY0NCUyMTNkNDcuODkzODU5MTk5OTk5OTk0JTIxMm0zJTIxMWYwJTIxMmYwJTIxM2YwJTIxM20yJTIxMWkxMDI0JTIxMmk3NjglMjE0ZjEzLjElMjEzbTMlMjExbTIlMjExczB4NDc5YzZiMzA3YzA0OWM0ZCUyNTNBMHhhYzg5YWQ1NTdlYTg2OWM1JTIxMnNTY2h3ZWklMjVDMyUyNTlGdGVjaG5payUyNTIwQnVya2hhcmQlMjUyMEdtYkglMjE1ZTAlMjEzbTIlMjExc2RlJTIxMnNkZSUyMTR2MTU2OTQ4MjYzNDQ1MSUyMTVtMiUyMTFzZGUlMjEyc2RlJTIyJTIwd2lkdGglM0QlMjI2MDAlMjIlMjBoZWlnaHQlM0QlMjI0NTAlMjIlMjBmcmFtZWJvcmRlciUzRCUyMjAlMjIlMjBzdHlsZSUzRCUyMmJvcmRlciUzQTAlM0IlMjIlMjBhbGxvd2Z1bGxzY3JlZW4lM0QlMjIlMjIlM0UlM0MlMkZpZnJhbWUlM0U=\u00a0\u00bb][vc_row_inner][vc_column_inner width=\u00a0\u00bb1\/2&Prime;][\/vc_column_inner][vc_column_inner width=\u00a0\u00bb1\/2&Prime;][\/vc_column_inner][\/vc_row_inner][\/vc_column][\/vc_row][vc_row][vc_column][\/vc_column][\/vc_row]\" \/>\n<meta property=\"og:url\" content=\"https:\/\/schweisstechnik.burkhard-group.com\/fr\/contact\/\" \/>\n<meta property=\"og:site_name\" content=\"Schwei\u00dftechnik\" \/>\n<meta property=\"article:modified_time\" content=\"2020-02-04T12:07:21+00:00\" \/>\n<meta name=\"twitter:card\" content=\"summary_large_image\" \/>\n<meta name=\"twitter:label1\" content=\"Dur\u00e9e de lecture estim\u00e9e\" \/>\n\t<meta name=\"twitter:data1\" content=\"1 minute\" \/>\n<script type=\"application\/ld+json\" class=\"yoast-schema-graph\">{\"@context\":\"https:\/\/schema.org\",\"@graph\":[{\"@type\":\"WebPage\",\"@id\":\"https:\/\/schweisstechnik.burkhard-group.com\/fr\/contact\/\",\"url\":\"https:\/\/schweisstechnik.burkhard-group.com\/fr\/contact\/\",\"name\":\"Contact - Schwei\u00dftechnik\",\"isPartOf\":{\"@id\":\"https:\/\/schweisstechnik.burkhard-group.com\/#website\"},\"datePublished\":\"2020-01-28T16:28:47+00:00\",\"dateModified\":\"2020-02-04T12:07:21+00:00\",\"breadcrumb\":{\"@id\":\"https:\/\/schweisstechnik.burkhard-group.com\/fr\/contact\/#breadcrumb\"},\"inLanguage\":\"fr-FR\",\"potentialAction\":[{\"@type\":\"ReadAction\",\"target\":[\"https:\/\/schweisstechnik.burkhard-group.com\/fr\/contact\/\"]}]},{\"@type\":\"BreadcrumbList\",\"@id\":\"https:\/\/schweisstechnik.burkhard-group.com\/fr\/contact\/#breadcrumb\",\"itemListElement\":[{\"@type\":\"ListItem\",\"position\":1,\"name\":\"Startseite\",\"item\":\"https:\/\/schweisstechnik.burkhard-group.com\/fr\/\"},{\"@type\":\"ListItem\",\"position\":2,\"name\":\"Contact\"}]},{\"@type\":\"WebSite\",\"@id\":\"https:\/\/schweisstechnik.burkhard-group.com\/#website\",\"url\":\"https:\/\/schweisstechnik.burkhard-group.com\/\",\"name\":\"Schwei\u00dftechnik\",\"description\":\"Mit modernsten Fertigungstechnologien f\u00fcgen wir Halbzeuge zu Serienteilen, manuell \u2013 halbautomatisch \u2013 vollautomatisch.\",\"potentialAction\":[{\"@type\":\"SearchAction\",\"target\":{\"@type\":\"EntryPoint\",\"urlTemplate\":\"https:\/\/schweisstechnik.burkhard-group.com\/?s={search_term_string}\"},\"query-input\":{\"@type\":\"PropertyValueSpecification\",\"valueRequired\":true,\"valueName\":\"search_term_string\"}}],\"inLanguage\":\"fr-FR\"}]}<\/script>\n<!-- \/ Yoast SEO plugin. -->","yoast_head_json":{"title":"Contact - Schwei\u00dftechnik","robots":{"index":"index","follow":"follow","max-snippet":"max-snippet:-1","max-image-preview":"max-image-preview:large","max-video-preview":"max-video-preview:-1"},"canonical":"https:\/\/schweisstechnik.burkhard-group.com\/fr\/contact\/","og_locale":"fr_FR","og_type":"article","og_title":"Contact - Schwei\u00dftechnik","og_description":"[vc_row css=\u00a0\u00bb.vc_custom_1569485889499{margin-top: 50px !important;padding-top: 60px !important;}\u00a0\u00bb][vc_column width=\u00a0\u00bb1\/2&Prime;][vc_column_text] Envoyez-nous un message [\/vc_column_text][vc_column_text] Nous serons heureux de vous conseiller personnellement pour toutes questions concernant nos produits et services. Laissez-nous votre message dans le formulaire ci-contre. Nous vous r\u00e9pondrons dans les plus brefs d\u00e9lais. [\/vc_column_text][\/vc_column][vc_column width=\u00a0\u00bb1\/2&Prime;][vc_column_text] Informations de contact [\/vc_column_text][vc_gmaps link=\u00a0\u00bb#E-8_JTNDaWZyYW1lJTIwc3JjJTNEJTIyaHR0cHMlM0ElMkYlMkZ3d3cuZ29vZ2xlLmNvbSUyRm1hcHMlMkZlbWJlZCUzRnBiJTNEJTIxMW0xOCUyMTFtMTIlMjExbTMlMjExZDI2NzUuMTk3NjczMjM2NTc0MiUyMTJkMTAuNjU1NTY0NCUyMTNkNDcuODkzODU5MTk5OTk5OTk0JTIxMm0zJTIxMWYwJTIxMmYwJTIxM2YwJTIxM20yJTIxMWkxMDI0JTIxMmk3NjglMjE0ZjEzLjElMjEzbTMlMjExbTIlMjExczB4NDc5YzZiMzA3YzA0OWM0ZCUyNTNBMHhhYzg5YWQ1NTdlYTg2OWM1JTIxMnNTY2h3ZWklMjVDMyUyNTlGdGVjaG5payUyNTIwQnVya2hhcmQlMjUyMEdtYkglMjE1ZTAlMjEzbTIlMjExc2RlJTIxMnNkZSUyMTR2MTU2OTQ4MjYzNDQ1MSUyMTVtMiUyMTFzZGUlMjEyc2RlJTIyJTIwd2lkdGglM0QlMjI2MDAlMjIlMjBoZWlnaHQlM0QlMjI0NTAlMjIlMjBmcmFtZWJvcmRlciUzRCUyMjAlMjIlMjBzdHlsZSUzRCUyMmJvcmRlciUzQTAlM0IlMjIlMjBhbGxvd2Z1bGxzY3JlZW4lM0QlMjIlMjIlM0UlM0MlMkZpZnJhbWUlM0U=\u00a0\u00bb][vc_row_inner][vc_column_inner width=\u00a0\u00bb1\/2&Prime;][\/vc_column_inner][vc_column_inner width=\u00a0\u00bb1\/2&Prime;][\/vc_column_inner][\/vc_row_inner][\/vc_column][\/vc_row][vc_row][vc_column][\/vc_column][\/vc_row]","og_url":"https:\/\/schweisstechnik.burkhard-group.com\/fr\/contact\/","og_site_name":"Schwei\u00dftechnik","article_modified_time":"2020-02-04T12:07:21+00:00","twitter_card":"summary_large_image","twitter_misc":{"Dur\u00e9e de lecture estim\u00e9e":"1 minute"},"schema":{"@context":"https:\/\/schema.org","@graph":[{"@type":"WebPage","@id":"https:\/\/schweisstechnik.burkhard-group.com\/fr\/contact\/","url":"https:\/\/schweisstechnik.burkhard-group.com\/fr\/contact\/","name":"Contact - Schwei\u00dftechnik","isPartOf":{"@id":"https:\/\/schweisstechnik.burkhard-group.com\/#website"},"datePublished":"2020-01-28T16:28:47+00:00","dateModified":"2020-02-04T12:07:21+00:00","breadcrumb":{"@id":"https:\/\/schweisstechnik.burkhard-group.com\/fr\/contact\/#breadcrumb"},"inLanguage":"fr-FR","potentialAction":[{"@type":"ReadAction","target":["https:\/\/schweisstechnik.burkhard-group.com\/fr\/contact\/"]}]},{"@type":"BreadcrumbList","@id":"https:\/\/schweisstechnik.burkhard-group.com\/fr\/contact\/#breadcrumb","itemListElement":[{"@type":"ListItem","position":1,"name":"Startseite","item":"https:\/\/schweisstechnik.burkhard-group.com\/fr\/"},{"@type":"ListItem","position":2,"name":"Contact"}]},{"@type":"WebSite","@id":"https:\/\/schweisstechnik.burkhard-group.com\/#website","url":"https:\/\/schweisstechnik.burkhard-group.com\/","name":"Schwei\u00dftechnik","description":"Mit modernsten Fertigungstechnologien f\u00fcgen wir Halbzeuge zu Serienteilen, manuell \u2013 halbautomatisch \u2013 vollautomatisch.","potentialAction":[{"@type":"SearchAction","target":{"@type":"EntryPoint","urlTemplate":"https:\/\/schweisstechnik.burkhard-group.com\/?s={search_term_string}"},"query-input":{"@type":"PropertyValueSpecification","valueRequired":true,"valueName":"search_term_string"}}],"inLanguage":"fr-FR"}]}},"_links":{"self":[{"href":"https:\/\/schweisstechnik.burkhard-group.com\/fr\/wp-json\/wp\/v2\/pages\/1232","targetHints":{"allow":["GET"]}}],"collection":[{"href":"https:\/\/schweisstechnik.burkhard-group.com\/fr\/wp-json\/wp\/v2\/pages"}],"about":[{"href":"https:\/\/schweisstechnik.burkhard-group.com\/fr\/wp-json\/wp\/v2\/types\/page"}],"author":[{"embeddable":true,"href":"https:\/\/schweisstechnik.burkhard-group.com\/fr\/wp-json\/wp\/v2\/users\/1"}],"replies":[{"embeddable":true,"href":"https:\/\/schweisstechnik.burkhard-group.com\/fr\/wp-json\/wp\/v2\/comments?post=1232"}],"version-history":[{"count":2,"href":"https:\/\/schweisstechnik.burkhard-group.com\/fr\/wp-json\/wp\/v2\/pages\/1232\/revisions"}],"predecessor-version":[{"id":1294,"href":"https:\/\/schweisstechnik.burkhard-group.com\/fr\/wp-json\/wp\/v2\/pages\/1232\/revisions\/1294"}],"wp:attachment":[{"href":"https:\/\/schweisstechnik.burkhard-group.com\/fr\/wp-json\/wp\/v2\/media?parent=1232"}],"curies":[{"name":"wp","href":"https:\/\/api.w.org\/{rel}","templated":true}]}}